{"id":1348,"date":"2022-09-21T15:25:48","date_gmt":"2022-09-21T15:25:48","guid":{"rendered":"https:\/\/ong-raes-app.withvolkeno.com\/?page_id=1348"},"modified":"2023-04-06T10:52:21","modified_gmt":"2023-04-06T10:52:21","slug":"appels-doffres","status":"publish","type":"page","link":"https:\/\/ongraes.org\/copy\/appels-doffres\/","title":{"rendered":"Appels d&#8217;offres"},"content":{"rendered":"\t\t<div data-elementor-type=\"wp-page\" data-elementor-id=\"1348\" class=\"elementor elementor-1348\" data-elementor-post-type=\"page\">\n\t\t\t\t<div class=\"elementor-element elementor-element-7120e666 phrase-accroche-container e-flex e-con-boxed jltma-glass-effect-no e-con e-parent\" data-id=\"7120e666\" data-element_type=\"container\" data-settings=\"{&quot;background_background&quot;:&quot;classic&quot;,&quot;ekit_has_onepagescroll_dot&quot;:&quot;yes&quot;}\">\n\t\t\t\t\t<div class=\"e-con-inner\">\n\t\t<div class=\"elementor-element elementor-element-58e2fc78 e-con-full e-flex jltma-glass-effect-no e-con e-parent\" data-id=\"58e2fc78\" data-element_type=\"container\" data-settings=\"{&quot;ekit_has_onepagescroll_dot&quot;:&quot;yes&quot;}\">\n\t\t\t\t<div class=\"elementor-element elementor-element-17c76575 phrase-accroche elementor-widget__width-initial jltma-glass-effect-no elementor-widget elementor-widget-heading\" data-id=\"17c76575\" data-element_type=\"widget\" data-settings=\"{&quot;ekit_we_effect_on&quot;:&quot;none&quot;}\" data-widget_type=\"heading.default\">\n\t\t\t\t<div class=\"elementor-widget-container\">\n\t\t\t\t\t<h1 class=\"elementor-heading-title elementor-size-default\">APPELS D'OFFRES \/ OFFRES D'EMPLOI<\/h1>\t\t\t\t<\/div>\n\t\t\t\t<\/div>\n\t\t\t\t<div class=\"elementor-element elementor-element-056fef7 jltma-glass-effect-no elementor-widget elementor-widget-text-editor\" data-id=\"056fef7\" data-element_type=\"widget\" data-settings=\"{&quot;ekit_we_effect_on&quot;:&quot;none&quot;}\" data-widget_type=\"text-editor.default\">\n\t\t\t\t<div class=\"elementor-widget-container\">\n\t\t\t\t\t\t\t\t\t<p>L\u2019ONG RAES publie r\u00e9guli\u00e8rement des appels d\u2019offres. Pour soumettre une candidature, t\u00e9l\u00e9chargez les termes de r\u00e9f\u00e9rences et demandez un dossier de candidature \u00e0 l\u2019adresse contact@ongraes.org en mentionnant l\u2019appel d\u2019offre concern\u00e9 dans l\u2019intitul\u00e9 du mail. <br \/>La date limite de candidature est pr\u00e9cis\u00e9 dans chaque appel. Les dossiers incomplets ne seront pas \u00e9tudi\u00e9s.<\/p>\t\t\t\t\t\t\t\t<\/div>\n\t\t\t\t<\/div>\n\t\t\t\t<\/div>\n\t\t\t\t<div class=\"elementor-element elementor-element-83df5e jltma-glass-effect-no elementor-widget elementor-widget-html\" data-id=\"83df5e\" data-element_type=\"widget\" data-settings=\"{&quot;ekit_we_effect_on&quot;:&quot;none&quot;}\" data-widget_type=\"html.default\">\n\t\t\t\t<div class=\"elementor-widget-container\">\n\t\t\t\t\t  <div class=\"col-md-12\">\n                            <div class=\"breadcrumb-row d-flex gap-2 \">\n                                <div class=\"base-home-container container-item\" style=\"margin-right: 5px\">\n                                    <div class=\"home-icon-container\">\n                                        <a href=\"\/\" class=\"home-breadcrumb-link\">\n                                            <i class=\"fa fa-home custom-icon-house\" style=\"color:#2CBCF4\"><\/i>\n                                        <\/a>\n                                    <\/div>\n                                    <div class=\"home-label-container\">\n                                        <a href=\"\/accueil\" class=\"home-breadcrumb-link\">\n                                            <span class=\"home-label\" style=\"color:#fff\">Accueil<\/span>\n                                        <\/a>\n                                    <\/div>\n                                    <div class=\"arrow-icon-container\">\n                                     <i class=\"fa fa-chevron-right\" style=\"color:#fff\"><\/i>\n                                    <\/div>\n                                <\/div>\n                                <div class=\"second-level-breadcrumb-container\">\n                                    <span class=\"breadcrumb-second-level-label\">Appels d'offres - Offres d'emploi<\/span>\n                                <\/div>\n                            <\/div>\n                        <\/div>\t\t\t\t<\/div>\n\t\t\t\t<\/div>\n\t\t\t\t\t<\/div>\n\t\t\t\t<\/div>\n\t\t<div class=\"elementor-element elementor-element-b51ddcc e-flex e-con-boxed jltma-glass-effect-no e-con e-parent\" data-id=\"b51ddcc\" data-element_type=\"container\" data-settings=\"{&quot;ekit_has_onepagescroll_dot&quot;:&quot;yes&quot;}\">\n\t\t\t\t\t<div class=\"e-con-inner\">\n\t\t<div class=\"elementor-element elementor-element-65f26d7 e-con-full e-flex jltma-glass-effect-no e-con e-parent\" data-id=\"65f26d7\" data-element_type=\"container\" data-settings=\"{&quot;ekit_has_onepagescroll_dot&quot;:&quot;yes&quot;}\">\n\t\t\t\t<div class=\"elementor-element elementor-element-877ccbd jltma-glass-effect-no elementor-widget elementor-widget-elementskit-simple-tab\" data-id=\"877ccbd\" data-element_type=\"widget\" data-settings=\"{&quot;ekit_we_effect_on&quot;:&quot;none&quot;}\" data-widget_type=\"elementskit-simple-tab.default\">\n\t\t\t\t<div class=\"elementor-widget-container\">\n\t\t\t\t\t<div class=\"ekit-wid-con\" >        <div class=\"elementkit-tab-wraper   elementskit-fitcontent-tab \">\n            <ul class=\"nav nav-tabs elementkit-tab-nav \">\n                                    <li class=\"elementkit-nav-item elementor-repeater-item-4d697ce\">\n                        <a class=\"elementkit-nav-link  active show left-pos\" id=\"content-4d697ce69f245ad975bb-tab\" data-ekit-handler-id=\"appels-d-offres\" data-ekit-toggle=\"tab\" data-target=\"#content-4d697ce69f245ad975bb\" href=\"#Content-4d697ce69f245ad975bb\"\n                            data-ekit-toggle-trigger=\"mouseenter\"\n                            aria-describedby=\"Content-4d697ce69f245ad975bb\">\n                            <span class=\"elementskit-tab-icon\"><svg xmlns=\"http:\/\/www.w3.org\/2000\/svg\" width=\"21\" height=\"20\" viewBox=\"0 0 21 20\"><path d=\"M12.3413 10.7417C12.5806 10.9834 12.9684 10.9834 13.2077 10.7417C13.4552 10.5001 13.4552 10.1084 13.2159 9.86675L10.8479 7.46675C10.7902 7.40841 10.7242 7.36675 10.6499 7.33342C10.5757 7.30008 10.5014 7.28341 10.4189 7.28341C10.3364 7.28341 10.2539 7.30008 10.1796 7.33342C10.1054 7.36675 10.0394 7.40841 9.9816 7.46675L7.62187 9.86675C7.38259 10.1084 7.38259 10.5001 7.62187 10.7417C7.86114 10.9834 8.24893 10.9834 8.4882 10.7417L9.80009 9.40841V13.4334C9.80009 13.7751 10.0724 14.0501 10.4189 14.0501C10.7572 14.0501 11.0295 13.7751 11.0295 13.4334V9.40841L12.3413 10.7417ZM16.8269 7.52142C17.0208 7.51919 17.232 7.51675 17.4238 7.51675C17.6301 7.51675 17.8034 7.68341 17.8034 7.89175V14.5917C17.8034 16.6584 16.1367 18.3334 14.0905 18.3334H7.53111C5.37764 18.3334 3.63672 16.5751 3.63672 14.4084V5.42508C3.63672 3.35842 5.29513 1.66675 7.35784 1.66675H11.7638C11.9701 1.66675 12.1433 1.84175 12.1433 2.05008V4.73341C12.1433 6.25842 13.3809 7.50841 14.8991 7.51675C15.2461 7.51675 15.5542 7.51937 15.8249 7.52167C16.0368 7.52347 16.2258 7.52508 16.3925 7.52508C16.5099 7.52508 16.6622 7.52332 16.8269 7.52142ZM17.0573 6.30508C16.379 6.30758 15.5804 6.30508 15.0053 6.29925C14.0927 6.29925 13.3411 5.54008 13.3411 4.61841V2.42175C13.3411 2.06258 13.7718 1.88425 14.0185 2.14341C14.6538 2.81 15.6263 3.83152 16.4484 4.69498C16.7815 5.04484 17.0899 5.36874 17.3411 5.63258C17.5812 5.88508 17.4046 6.30425 17.0573 6.30508Z\" fill=\"#898989\"><\/path><\/svg><\/span>                            <span class=\"elementskit-tab-title\">Appels d\u2019offres<\/span>\n                        <\/a>\n                    <\/li>\n                                        <li class=\"elementkit-nav-item elementor-repeater-item-893e6e8\">\n                        <a class=\"elementkit-nav-link  left-pos\" id=\"content-893e6e869f245ad975bb-tab\" data-ekit-handler-id=\"offres-d-emploi\" data-ekit-toggle=\"tab\" data-target=\"#content-893e6e869f245ad975bb\" href=\"#Content-893e6e869f245ad975bb\"\n                            data-ekit-toggle-trigger=\"mouseenter\"\n                            aria-describedby=\"Content-893e6e869f245ad975bb\">\n                            <span class=\"elementskit-tab-icon\"><svg xmlns=\"http:\/\/www.w3.org\/2000\/svg\" width=\"18\" height=\"18\" viewBox=\"0 0 18 18\"><path d=\"M10.2096 3.06689H12.768C15.843 3.06689 17.343 4.70856 17.3346 8.07522V12.1336C17.3346 15.3502 15.3513 17.3336 12.1263 17.3336H5.86797C2.65964 17.3336 0.667969 15.3502 0.667969 12.1252V5.86689C0.667969 2.41689 2.2013 0.66689 5.2263 0.66689H6.54297C7.3188 0.658557 8.04297 1.01689 8.51797 1.62522L9.2513 2.60022C9.48463 2.89189 9.83463 3.06689 10.2096 3.06689ZM5.14297 11.7419H12.8596C13.2013 11.7419 13.4763 11.4586 13.4763 11.1169C13.4763 10.7669 13.2013 10.4919 12.8596 10.4919H5.14297C4.79297 10.4919 4.51797 10.7669 4.51797 11.1169C4.51797 11.4586 4.79297 11.7419 5.14297 11.7419Z\" fill=\"black\"><\/path><\/svg><\/span>                            <span class=\"elementskit-tab-title\">Offres d\u2019emploi<\/span>\n                        <\/a>\n                    <\/li>\n                                <\/ul>\n\n            <div class=\"tab-content elementkit-tab-content\">\n                                    <div class=\"tab-pane elementkit-tab-pane elementor-repeater-item-4d697ce  active show\" id=\"content-4d697ce69f245ad975bb\" role=\"tabpanel\"\n                         aria-labelledby=\"content-4d697ce69f245ad975bb-tab\">\n                        <div class=\"animated fadeIn\">\n                                                    <\/div>\n                    <\/div>\n                                    <div class=\"tab-pane elementkit-tab-pane elementor-repeater-item-893e6e8 \" id=\"content-893e6e869f245ad975bb\" role=\"tabpanel\"\n                         aria-labelledby=\"content-893e6e869f245ad975bb-tab\">\n                        <div class=\"animated fadeIn\">\n                            <style type=\"text\/css\">\r\n  \/* Job Item *\/\r\n  .jobwp-listing-body-container .jobwp-item {\r\n    border: 1px solid #DDD;\r\n    background-color: #FFF;\r\n  }\r\n  \/* Job Listing *\/\r\n  .jobwp-item .jobwp-job-title a.jobwp-job-title-a {\r\n    color: #2cbbf4;\r\n    font-size: 20px;\r\n    line-height: 30px;\r\n  }\r\n  \/* Job overview *\/\r\n  .jobwp-item p.jobwp-overview-excerpt {\r\n    color: #2cbbf4;\r\n    font-size: 14px;\r\n  }\r\n  \/* Job info *\/\r\n  .jobwp-item .jobwp-bottom .jobwp-list-bottom-item i.fa,\r\n  .jobwp-item .jobwp-bottom .jobwp-list-bottom-item i.fa-solid,\r\n  .jobwp-item .jobwp-bottom .jobwp-list-bottom-item strong.primary-color {\r\n    color: #555555;\r\n    font-size: 16px;\r\n  }\r\n<\/style>    <div class=\"jobwp-total-jobs-found\">\r\n        <div class=\"jobwp-total-jobs-found-total\">1&nbsp;Jobs Found<\/div>\r\n        <div class=\"jobwp-total-jobs-found-per-page\">    \r\n            Displayed Here: <span>1 &#8211; 1<\/span> Jobs        <\/div>\r\n    <\/div>\r\n    <div class=\"jobwp-listing-body-container \u201dlist\/grid\u201d\">\r\n                    <div class=\"jobwp-item\">\r\n                <h3 class=\"jobwp-job-title\"><a href=\"https:\/\/ongraes.org\/copy\/jobs\/8624\/\" class=\"jobwp-job-title-a\">SRHR Africa Project Manager &#8211; Nigeria<\/a><\/h3>\r\n                                    <p class=\"jobwp-overview-excerpt\">\r\n                        The main mission of the position is to support the SRHR Africa project coordination in the successful implementation of the project, the formulation of communication strategies and approaches, and in monitoring and coordinating project activities in Nigeria, primarily in the following states\/ areas- Lagos, Ogun, Imo, and Abuja FCT.                    <\/p>\r\n                                    <div class=\"jobwp-bottom\">\r\n                                            <div class=\"jobwp-list-bottom-item pull-left\">\r\n                            <i class=\"fa fa-briefcase\" aria-hidden=\"true\"><\/i>\r\n                            <strong class=\"primary-color\">Experience:<\/strong>\r\n                            <span class=\"ng-binding\">\r\n                                \u00c0 D\u00c9FINIR Years                            <\/span>\r\n                        <\/div>\r\n                                                <div class=\"jobwp-list-bottom-item pull-right\">\r\n                            <i class=\"fa fa-calendar-days\" aria-hidden=\"true\"><\/i>\r\n                            <strong class=\"primary-color\">Deadline:<\/strong>\r\n                            <span class=\"ng-binding\">\r\n                                Closed                            <\/span>\r\n                        <\/div>\r\n                                        <\/div>\r\n                <div class=\"jobwp-bottom clear\">\r\n                                            <div class=\"jobwp-list-bottom-item pull-left\">\r\n                            <i class=\"fa-solid fa-location-dot\"><\/i>\r\n                            <strong class=\"primary-color\">Emplacement:<\/strong>\r\n                            <span>\r\n                            Nigeria                            <\/span>\r\n                        <\/div>\r\n                                                <div class=\"jobwp-list-bottom-item pull-right\">\r\n                            <i class=\"fa-solid fa-graduation-cap\"><\/i>\r\n                            <strong class=\"primary-color\">Type d&#039;emploi:<\/strong>\r\n                            <span>\r\n                            Full Time                            <\/span>\r\n                        <\/div>\r\n                                        <\/div>\r\n            <\/div>\r\n                <\/div>\r\n    <div class=\"jobwp-pagination\">\r\n            <\/div>\r\n                            <\/div>\n                    <\/div>\n                                \n            <\/div>\n                    <\/div>\n    <\/div>\t\t\t\t<\/div>\n\t\t\t\t<\/div>\n\t\t\t\t<\/div>\n\t\t\t\t\t<\/div>\n\t\t\t\t<\/div>\n\t\t\t\t<\/div>\n\t\t\n    <div class=\"xs_social_share_widget xs_share_url after_content \t\tmain_content  wslu-style-1 wslu-share-box-shaped wslu-fill-colored wslu-none wslu-share-horizontal wslu-theme-font-no wslu-main_content\">\n\n\t\t\n        <ul>\n\t\t\t        <\/ul>\n    <\/div> \n","protected":false},"excerpt":{"rendered":"<p>APPELS D&#8217;OFFRES \/ OFFRES D&#8217;EMPLOI L\u2019ONG RAES publie r\u00e9guli\u00e8rement des appels d\u2019offres. Pour soumettre une candidature, t\u00e9l\u00e9chargez les termes de r\u00e9f\u00e9rences et demandez un dossier de candidature \u00e0 l\u2019adresse contact@ongraes.org en mentionnant l\u2019appel d\u2019offre concern\u00e9 dans l\u2019intitul\u00e9 du mail. La date limite de candidature est pr\u00e9cis\u00e9 dans chaque appel. Les dossiers incomplets ne seront pas [&hellip;]<\/p>\n","protected":false},"author":2,"featured_media":0,"parent":0,"menu_order":0,"comment_status":"closed","ping_status":"closed","template":"","meta":{"_acf_changed":false,"_mi_skip_tracking":false,"_monsterinsights_sitenote_active":false,"_monsterinsights_sitenote_note":"","_monsterinsights_sitenote_category":0,"footnotes":""},"acf":[],"yoast_head":"<!-- This site is optimized with the Yoast SEO plugin v23.5 - https:\/\/yoast.com\/wordpress\/plugins\/seo\/ -->\n<title>Appels d&#039;offres - ONG RAES<\/title>\n<meta name=\"robots\" content=\"index, follow, max-snippet:-1, max-image-preview:large, max-video-preview:-1\" \/>\n<link rel=\"canonical\" href=\"https:\/\/ongraes.org\/copy\/appels-doffres\/\" \/>\n<meta property=\"og:locale\" content=\"fr_FR\" \/>\n<meta property=\"og:type\" content=\"article\" \/>\n<meta property=\"og:title\" content=\"Appels d&#039;offres - ONG RAES\" \/>\n<meta property=\"og:description\" content=\"APPELS D&#8217;OFFRES \/ OFFRES D&#8217;EMPLOI L\u2019ONG RAES publie r\u00e9guli\u00e8rement des appels d\u2019offres. Pour soumettre une candidature, t\u00e9l\u00e9chargez les termes de r\u00e9f\u00e9rences et demandez un dossier de candidature \u00e0 l\u2019adresse contact@ongraes.org en mentionnant l\u2019appel d\u2019offre concern\u00e9 dans l\u2019intitul\u00e9 du mail. La date limite de candidature est pr\u00e9cis\u00e9 dans chaque appel. Les dossiers incomplets ne seront pas [&hellip;]\" \/>\n<meta property=\"og:url\" content=\"https:\/\/ongraes.org\/copy\/appels-doffres\/\" \/>\n<meta property=\"og:site_name\" content=\"ONG RAES\" \/>\n<meta property=\"article:modified_time\" content=\"2023-04-06T10:52:21+00:00\" \/>\n<meta name=\"twitter:card\" content=\"summary_large_image\" \/>\n<meta name=\"twitter:label1\" content=\"Dur\u00e9e de lecture estim\u00e9e\" \/>\n\t<meta name=\"twitter:data1\" content=\"1 minute\" \/>\n<script type=\"application\/ld+json\" class=\"yoast-schema-graph\">{\"@context\":\"https:\/\/schema.org\",\"@graph\":[{\"@type\":\"WebPage\",\"@id\":\"https:\/\/ongraes.org\/copy\/appels-doffres\/\",\"url\":\"https:\/\/ongraes.org\/copy\/appels-doffres\/\",\"name\":\"Appels d'offres - ONG RAES\",\"isPartOf\":{\"@id\":\"https:\/\/ongraes.org\/copy\/#website\"},\"datePublished\":\"2022-09-21T15:25:48+00:00\",\"dateModified\":\"2023-04-06T10:52:21+00:00\",\"breadcrumb\":{\"@id\":\"https:\/\/ongraes.org\/copy\/appels-doffres\/#breadcrumb\"},\"inLanguage\":\"fr-FR\",\"potentialAction\":[{\"@type\":\"ReadAction\",\"target\":[\"https:\/\/ongraes.org\/copy\/appels-doffres\/\"]}]},{\"@type\":\"BreadcrumbList\",\"@id\":\"https:\/\/ongraes.org\/copy\/appels-doffres\/#breadcrumb\",\"itemListElement\":[{\"@type\":\"ListItem\",\"position\":1,\"name\":\"Accueil\",\"item\":\"https:\/\/ongraes.org\/copy\/\"},{\"@type\":\"ListItem\",\"position\":2,\"name\":\"Appels d&#8217;offres\"}]},{\"@type\":\"WebSite\",\"@id\":\"https:\/\/ongraes.org\/copy\/#website\",\"url\":\"https:\/\/ongraes.org\/copy\/\",\"name\":\"ONG RAES\",\"description\":\"ONG RAES \",\"potentialAction\":[{\"@type\":\"SearchAction\",\"target\":{\"@type\":\"EntryPoint\",\"urlTemplate\":\"https:\/\/ongraes.org\/copy\/?s={search_term_string}\"},\"query-input\":{\"@type\":\"PropertyValueSpecification\",\"valueRequired\":true,\"valueName\":\"search_term_string\"}}],\"inLanguage\":\"fr-FR\"}]}<\/script>\n<!-- \/ Yoast SEO plugin. -->","yoast_head_json":{"title":"Appels d'offres - ONG RAES","robots":{"index":"index","follow":"follow","max-snippet":"max-snippet:-1","max-image-preview":"max-image-preview:large","max-video-preview":"max-video-preview:-1"},"canonical":"https:\/\/ongraes.org\/copy\/appels-doffres\/","og_locale":"fr_FR","og_type":"article","og_title":"Appels d'offres - ONG RAES","og_description":"APPELS D&#8217;OFFRES \/ OFFRES D&#8217;EMPLOI L\u2019ONG RAES publie r\u00e9guli\u00e8rement des appels d\u2019offres. Pour soumettre une candidature, t\u00e9l\u00e9chargez les termes de r\u00e9f\u00e9rences et demandez un dossier de candidature \u00e0 l\u2019adresse contact@ongraes.org en mentionnant l\u2019appel d\u2019offre concern\u00e9 dans l\u2019intitul\u00e9 du mail. La date limite de candidature est pr\u00e9cis\u00e9 dans chaque appel. Les dossiers incomplets ne seront pas [&hellip;]","og_url":"https:\/\/ongraes.org\/copy\/appels-doffres\/","og_site_name":"ONG RAES","article_modified_time":"2023-04-06T10:52:21+00:00","twitter_card":"summary_large_image","twitter_misc":{"Dur\u00e9e de lecture estim\u00e9e":"1 minute"},"schema":{"@context":"https:\/\/schema.org","@graph":[{"@type":"WebPage","@id":"https:\/\/ongraes.org\/copy\/appels-doffres\/","url":"https:\/\/ongraes.org\/copy\/appels-doffres\/","name":"Appels d'offres - ONG RAES","isPartOf":{"@id":"https:\/\/ongraes.org\/copy\/#website"},"datePublished":"2022-09-21T15:25:48+00:00","dateModified":"2023-04-06T10:52:21+00:00","breadcrumb":{"@id":"https:\/\/ongraes.org\/copy\/appels-doffres\/#breadcrumb"},"inLanguage":"fr-FR","potentialAction":[{"@type":"ReadAction","target":["https:\/\/ongraes.org\/copy\/appels-doffres\/"]}]},{"@type":"BreadcrumbList","@id":"https:\/\/ongraes.org\/copy\/appels-doffres\/#breadcrumb","itemListElement":[{"@type":"ListItem","position":1,"name":"Accueil","item":"https:\/\/ongraes.org\/copy\/"},{"@type":"ListItem","position":2,"name":"Appels d&#8217;offres"}]},{"@type":"WebSite","@id":"https:\/\/ongraes.org\/copy\/#website","url":"https:\/\/ongraes.org\/copy\/","name":"ONG RAES","description":"ONG RAES ","potentialAction":[{"@type":"SearchAction","target":{"@type":"EntryPoint","urlTemplate":"https:\/\/ongraes.org\/copy\/?s={search_term_string}"},"query-input":{"@type":"PropertyValueSpecification","valueRequired":true,"valueName":"search_term_string"}}],"inLanguage":"fr-FR"}]}},"_links":{"self":[{"href":"https:\/\/ongraes.org\/copy\/wp-json\/wp\/v2\/pages\/1348"}],"collection":[{"href":"https:\/\/ongraes.org\/copy\/wp-json\/wp\/v2\/pages"}],"about":[{"href":"https:\/\/ongraes.org\/copy\/wp-json\/wp\/v2\/types\/page"}],"author":[{"embeddable":true,"href":"https:\/\/ongraes.org\/copy\/wp-json\/wp\/v2\/users\/2"}],"replies":[{"embeddable":true,"href":"https:\/\/ongraes.org\/copy\/wp-json\/wp\/v2\/comments?post=1348"}],"version-history":[{"count":136,"href":"https:\/\/ongraes.org\/copy\/wp-json\/wp\/v2\/pages\/1348\/revisions"}],"predecessor-version":[{"id":8620,"href":"https:\/\/ongraes.org\/copy\/wp-json\/wp\/v2\/pages\/1348\/revisions\/8620"}],"wp:attachment":[{"href":"https:\/\/ongraes.org\/copy\/wp-json\/wp\/v2\/media?parent=1348"}],"curies":[{"name":"wp","href":"https:\/\/api.w.org\/{rel}","templated":true}]}}